{"id":13,"date":"2021-02-28T16:19:11","date_gmt":"2021-02-28T16:19:11","guid":{"rendered":"https:\/\/kampf-dem-ernaehrungstod.ch\/ws\/?page_id=13"},"modified":"2021-02-28T18:03:30","modified_gmt":"2021-02-28T18:03:30","slug":"test","status":"publish","type":"page","link":"https:\/\/kampf-dem-ernaehrungstod.ch\/ws\/","title":{"rendered":"Das Buch"},"content":{"rendered":"\n<p class=\"has-medium-font-size\"><strong>Kampf dem Ern\u00e4hrungstod: <\/strong><br><strong>Diese Lekt\u00fcre schulden Sie Ihrer Gesundheit<\/strong><\/p>\n\n\n\n<div class=\"wp-block-group\"><div class=\"wp-block-group__inner-container\">\n<div class=\"wp-block-columns\">\n<div class=\"wp-block-column\">\n<figure class=\"wp-block-image size-large\"><img loading=\"lazy\" width=\"567\" height=\"805\" src=\"https:\/\/kampf-dem-ernaehrungstod.ch\/ws\/wp-content\/uploads\/2021\/02\/book_web-1.jpg\" alt=\"\" class=\"wp-image-18\" srcset=\"https:\/\/kampf-dem-ernaehrungstod.ch\/ws\/wp-content\/uploads\/2021\/02\/book_web-1.jpg 567w, https:\/\/kampf-dem-ernaehrungstod.ch\/ws\/wp-content\/uploads\/2021\/02\/book_web-1-211x300.jpg 211w\" sizes=\"(max-width: 567px) 100vw, 567px\" \/><\/figure>\n<\/div>\n\n\n\n<div class=\"wp-block-column\">\n<p><strong>Kampf dem Ern\u00e4hrungstod<br><\/strong>Buch von Ruedi Buser<br>2. Auflage<br>Paperback 192 Seiten<br>Radionik Verlag<br>CHF 18.90<\/p>\n<\/div>\n<\/div>\n<\/div><\/div>\n\n\n\n<p>In diesem Buch erfahren Sie:<\/p>\n\n\n\n<ul><li>Warum wir trotz immer mehr Medizin, Ern\u00e4hrungsempfehlungen, staatlichen Kontrollen, Richtlinien und Verboten immer kr\u00e4nker werden.<\/li><li>Warum heute in unserer westlichen Welt fast 40% an Krebs erkranken. Vor 100 Jahren waren es lediglich 3%.<\/li><li>Warum wir den Krieg gegen viele degenerative Krankheiten wie Krebs, Diabetes, Alzheimer, etc. verlieren.<\/li><li>Warum Politik, Wissenschaft, Beh\u00f6rden, Landwirtschaft und Nahrungsmittelindustrie versagen.<\/li><li>Was jeder Einzelne tun kann, um in unserem gesundheitsfeindlichen Umfeld, nicht krank zu werden.<\/li><li>Was Leute berichten, die wegen ihren Gesundheitsproblemen Korallen-Kalzium konsumieren.<\/li><\/ul>\n\n\n\n<div class=\"wp-block-buttons\">\n<div class=\"wp-block-button\"><a class=\"wp-block-button__link\" href=\"https:\/\/kampf-dem-ernaehrungstod.ch\/ws\/index.php\/bestellung\/\">Buch bestellen<\/a><\/div>\n<\/div>\n\n\n\n<p><\/p>\n","protected":false},"excerpt":{"rendered":"<p>Kampf dem Ern\u00e4hrungstod: Diese Lekt\u00fcre schulden Sie Ihrer Gesundheit In diesem Buch erfahren Sie: Warum wir trotz immer mehr Medizin, Ern\u00e4hrungsempfehlungen, staatlichen Kontrollen, Richtlinien und Verboten immer kr\u00e4nker werden. Warum heute in unserer westlichen Welt fast 40% an Krebs erkranken. Vor 100 Jahren waren es lediglich 3%. Warum wir den Krieg gegen viele degenerative Krankheiten [&hellip;]<\/p>\n","protected":false},"author":1,"featured_media":0,"parent":0,"menu_order":0,"comment_status":"closed","ping_status":"closed","template":"","meta":[],"_links":{"self":[{"href":"https:\/\/kampf-dem-ernaehrungstod.ch\/ws\/index.php\/wp-json\/wp\/v2\/pages\/13"}],"collection":[{"href":"https:\/\/kampf-dem-ernaehrungstod.ch\/ws\/index.php\/wp-json\/wp\/v2\/pages"}],"about":[{"href":"https:\/\/kampf-dem-ernaehrungstod.ch\/ws\/index.php\/wp-json\/wp\/v2\/types\/page"}],"author":[{"embeddable":true,"href":"https:\/\/kampf-dem-ernaehrungstod.ch\/ws\/index.php\/wp-json\/wp\/v2\/users\/1"}],"replies":[{"embeddable":true,"href":"https:\/\/kampf-dem-ernaehrungstod.ch\/ws\/index.php\/wp-json\/wp\/v2\/comments?post=13"}],"version-history":[{"count":7,"href":"https:\/\/kampf-dem-ernaehrungstod.ch\/ws\/index.php\/wp-json\/wp\/v2\/pages\/13\/revisions"}],"predecessor-version":[{"id":50,"href":"https:\/\/kampf-dem-ernaehrungstod.ch\/ws\/index.php\/wp-json\/wp\/v2\/pages\/13\/revisions\/50"}],"wp:attachment":[{"href":"https:\/\/kampf-dem-ernaehrungstod.ch\/ws\/index.php\/wp-json\/wp\/v2\/media?parent=13"}],"curies":[{"name":"wp","href":"https:\/\/api.w.org\/{rel}","templated":true}]}}