{"id":2,"date":"2021-02-28T16:11:47","date_gmt":"2021-02-28T16:11:47","guid":{"rendered":"https:\/\/kampf-dem-ernaehrungstod.ch\/ws\/?page_id=2"},"modified":"2021-02-28T18:16:45","modified_gmt":"2021-02-28T18:16:45","slug":"korallen","status":"publish","type":"page","link":"https:\/\/kampf-dem-ernaehrungstod.ch\/ws\/index.php\/korallen\/","title":{"rendered":"Korallen-Kalzium"},"content":{"rendered":"\n<p class=\"has-medium-font-size\"><strong>Fr\u00fcher oder sp\u00e4ter ruiniert \u00dcbers\u00e4uerung Ihre Gesundheit<\/strong><\/p>\n\n\n\n<p>Ein saurer K\u00f6rper ist der gr\u00f6\u00dfte N\u00e4hrboden f\u00fcr alle Arten von Krankheiten, inklusive Krebs, Diabetes, Alzheimer, Arthrose, etc.<\/p>\n\n\n\n<p>S\u00e4ure vertreibt Sauerstoff wie Wasser das Feuer. Ohne Sauerstoff&nbsp; k\u00f6nnen unsere Zellen nicht leben.<\/p>\n\n\n\n<p>Ein saurer K\u00f6rper verlangt verzweifelt nach Mineralstoffen, vor allem nach Calcium und Magnesium.<\/p>\n\n\n\n<p>Wenn die Mineralstoffspeicher leer sind, werden die Mineralien aus den Knochen, Z\u00e4hnen, Haaren, Geweben, etc. abgezogen.<\/p>\n\n\n\n<p>Es gibt noch keine Statistiken, aber man glaubt, dass die Mehrheit der Leute in unserer westlichen Gesellschaft an \u00dcbers\u00e4uerung leiden. Dies ist auf den reduzierten Mineralstoffgehalt unserer Nahrungsmittel zur\u00fcckzuf\u00fchren, infolge entmineralisierter B\u00f6den und Raffination vieler Grundnahrungsmittel, sowie \u00fcberm\u00e4ssiger Fleisch-, Zuckerkonsum und anderen s\u00e4ureproduzirenden Stoffen (Alkohol, Medikamente, etc.)<\/p>\n\n\n\n<p>Die absolut beste Form, den K\u00f6rper mit Mineralstoffen zu versorgen, ist marines <strong>Korallen-Kalzium<\/strong> aus Okinawa, Japan.<\/p>\n\n\n\n<p>Sango Korallenpulver aus Okinawa\u00a0 ist ein \u201epower house\u201c von basenaktiven, ionisierten, organischen N\u00e4hrstoffen.<\/p>\n\n\n\n<div class=\"wp-block-media-text alignwide is-stacked-on-mobile\" style=\"grid-template-columns:40% auto\"><figure class=\"wp-block-media-text__media\"><img loading=\"lazy\" width=\"480\" height=\"640\" src=\"https:\/\/kampf-dem-ernaehrungstod.ch\/ws\/wp-content\/uploads\/2021\/02\/Korallen.jpg\" alt=\"\" class=\"wp-image-31 size-full\" srcset=\"https:\/\/kampf-dem-ernaehrungstod.ch\/ws\/wp-content\/uploads\/2021\/02\/Korallen.jpg 480w, https:\/\/kampf-dem-ernaehrungstod.ch\/ws\/wp-content\/uploads\/2021\/02\/Korallen-225x300.jpg 225w\" sizes=\"(max-width: 480px) 100vw, 480px\" \/><\/figure><div class=\"wp-block-media-text__content\">\n<p class=\"has-normal-font-size\">Mit \u00fcber 70 basenaktiven, ionisierten Mineralstoffen und Spurenelementen. Darunter vor allem Calcium und Magnesium im optimalen Verh\u00e4ltnis von 2 : 1. Durch die Ionisierung wird eine h\u00f6chstm\u00f6gliche Bioverf\u00fcgbarkeit erreicht. Es wird aus hochwertigem marinem Coral Calcium in Okinawa, Japan gewonnen, unter strengsten \u00f6kologischen Sicherheitsbedingungen garantiert ohne Besch\u00e4digung der Korallenriffe.<\/p>\n<\/div><\/div>\n\n\n\n<div class=\"wp-block-buttons\">\n<div class=\"wp-block-button\"><a class=\"wp-block-button__link\" href=\"https:\/\/kampf-dem-ernaehrungstod.ch\/ws\/index.php\/bestellung\/\" style=\"border-radius:50px\" rel=\"https:\/\/kampf-dem-ernaehrungstod.ch\/ws\/index.php\/bestellung\/\">Korallen-Kalzium bestellen<\/a><\/div>\n<\/div>\n\n\n\n<p><\/p>\n","protected":false},"excerpt":{"rendered":"<p>Fr\u00fcher oder sp\u00e4ter ruiniert \u00dcbers\u00e4uerung Ihre Gesundheit Ein saurer K\u00f6rper ist der gr\u00f6\u00dfte N\u00e4hrboden f\u00fcr alle Arten von Krankheiten, inklusive Krebs, Diabetes, Alzheimer, Arthrose, etc. S\u00e4ure vertreibt Sauerstoff wie Wasser das Feuer. Ohne Sauerstoff&nbsp; k\u00f6nnen unsere Zellen nicht leben. Ein saurer K\u00f6rper verlangt verzweifelt nach Mineralstoffen, vor allem nach Calcium und Magnesium. Wenn die Mineralstoffspeicher [&hellip;]<\/p>\n","protected":false},"author":1,"featured_media":0,"parent":0,"menu_order":0,"comment_status":"closed","ping_status":"closed","template":"","meta":[],"_links":{"self":[{"href":"https:\/\/kampf-dem-ernaehrungstod.ch\/ws\/index.php\/wp-json\/wp\/v2\/pages\/2"}],"collection":[{"href":"https:\/\/kampf-dem-ernaehrungstod.ch\/ws\/index.php\/wp-json\/wp\/v2\/pages"}],"about":[{"href":"https:\/\/kampf-dem-ernaehrungstod.ch\/ws\/index.php\/wp-json\/wp\/v2\/types\/page"}],"author":[{"embeddable":true,"href":"https:\/\/kampf-dem-ernaehrungstod.ch\/ws\/index.php\/wp-json\/wp\/v2\/users\/1"}],"replies":[{"embeddable":true,"href":"https:\/\/kampf-dem-ernaehrungstod.ch\/ws\/index.php\/wp-json\/wp\/v2\/comments?post=2"}],"version-history":[{"count":7,"href":"https:\/\/kampf-dem-ernaehrungstod.ch\/ws\/index.php\/wp-json\/wp\/v2\/pages\/2\/revisions"}],"predecessor-version":[{"id":52,"href":"https:\/\/kampf-dem-ernaehrungstod.ch\/ws\/index.php\/wp-json\/wp\/v2\/pages\/2\/revisions\/52"}],"wp:attachment":[{"href":"https:\/\/kampf-dem-ernaehrungstod.ch\/ws\/index.php\/wp-json\/wp\/v2\/media?parent=2"}],"curies":[{"name":"wp","href":"https:\/\/api.w.org\/{rel}","templated":true}]}}