{"id":30,"date":"2021-02-28T16:50:30","date_gmt":"2021-02-28T16:50:30","guid":{"rendered":"https:\/\/kampf-dem-ernaehrungstod.ch\/ws\/?page_id=30"},"modified":"2021-03-03T20:34:09","modified_gmt":"2021-03-03T20:34:09","slug":"wissenswertes","status":"publish","type":"page","link":"https:\/\/kampf-dem-ernaehrungstod.ch\/ws\/index.php\/wissenswertes\/","title":{"rendered":"Wissenswertes"},"content":{"rendered":"\n<p class=\"has-medium-font-size\"><strong>Wissenswertes \u00fcber Korallen-Kalzium<\/strong><\/p>\n\n\n\n<p>\u201eSango\u201c kommt aus dem Japanischen und hei\u00dft \u00fcbersetzt \u201eKoralle\u201c. Diese stammen aus Okinawa (Japan), auch \u201eInsel der Hundertj\u00e4hrigen\u201c genannt.<\/p>\n\n\n\n<div class=\"wp-block-media-text alignwide is-stacked-on-mobile\" style=\"grid-template-columns:35% auto\"><figure class=\"wp-block-media-text__media\"><img loading=\"lazy\" width=\"480\" height=\"640\" src=\"https:\/\/kampf-dem-ernaehrungstod.ch\/ws\/wp-content\/uploads\/2021\/02\/Korallen.jpg\" alt=\"\" class=\"wp-image-31 size-full\" srcset=\"https:\/\/kampf-dem-ernaehrungstod.ch\/ws\/wp-content\/uploads\/2021\/02\/Korallen.jpg 480w, https:\/\/kampf-dem-ernaehrungstod.ch\/ws\/wp-content\/uploads\/2021\/02\/Korallen-225x300.jpg 225w\" sizes=\"(max-width: 480px) 100vw, 480px\" \/><\/figure><div class=\"wp-block-media-text__content\">\n<p class=\"has-normal-font-size\">Sango Korallenpulver enth\u00e4lt \u00fcber 70 Mineralstoffe und Spurenelemente mit einem hohen Anteil, ca. 20% Calcium und 10% Magnesium, also einem perfekten Verh\u00e4ltnis von 2 : 1. Der prozentuale Anteil der Mineralstoffe und Spurenelemente im Sango Korallenpulver ist praktisch identisch mit dem in einem gesunden menschlichen K\u00f6rper und dessen Blut.<\/p>\n<\/div><\/div>\n\n\n\n<div class=\"wp-block-columns\">\n<div class=\"wp-block-column\" style=\"flex-basis:100%\">\n<div class=\"wp-block-group\"><div class=\"wp-block-group__inner-container\">\n<div class=\"wp-block-columns\">\n<div class=\"wp-block-column\" style=\"flex-basis:100%\">\n<p>F\u00fcr dieses biologisch perfekte Mineralstoffverh\u00e4ltnis ist entscheidend, dass die Sango Korallen vom Meeresboden geerntet werden. Viele billiger angebotene Korallenpr\u00e4parate stammen aus Landkorallen. Sie haben einen viel geringeren Magnesiumanteil, sind deshalb auch weniger bioverf\u00fcgbar und viele Spurenelemente sind \u00fcber Jahrtausende von Regen ausgewaschen worden. Der Korallensand entsteht durch nat\u00fcrliche Erosion von abgestorbenen Korallen. In keinem Fall werden durch den Abbau lebende Riffe zerst\u00f6rt.<\/p>\n\n\n\n<p>Die ionisierte Form der im Sango Korallenpulver enthaltenen Mineralstoffe und Spurenelemente f\u00fchrt zu einer Resorptionsquote von 60 bis \u00fcber 90%. Das hei\u00dft, dass das was im K\u00f6rper ankommt zehn- bis achtzehnmal h\u00f6her ist als bei anderen handels\u00fcblichen Mineralstoffprodukten. Es ist nicht eine Frage der Menge der Einnahme sondern was der K\u00f6rper aufnimmt. Die Deklaration der empfohlenen Tagesdosis ist bei vielen herk\u00f6mmlichen Produkten deshalb oft wertlos.<\/p>\n\n\n\n<p>Die ionisierte (kleinste ungebundene) Form der Mineralstoffe und Spurenelemente werden direkt durch die Zellw\u00e4nde in die Zelle geschleust, um dort seine segensreiche Wirkung auf den ganzen Organismus zu entfalten. Es werden u.a. Mineralstoff-Reserven aufgebaut, die einen dauerhaften S\u00e4ureausgleich bewirken.<\/p>\n\n\n\n<p>Der wichtigste gemeinsame Nenner f\u00fcr Krankheiten ist \u00dcbers\u00e4uerung, was auf \u00fcberwiegend S\u00e4ure bildende Ern\u00e4hrung zur\u00fcckzuf\u00fchren ist. Aus diesem Grund braucht jeder eine zus\u00e4tzliche Quelle f\u00fcr ionisierte Mineralstoffe und Spurenelemente, weil fast jeder Mensch heutzutage zu sauer ist und nur \u00fcber reduzierte Mineralstoffreserven verf\u00fcgt. Dies wiederum ist auf den reduzierten Mineralstoffgehalt unser Nahrungsmittel zur\u00fcckzuf\u00fchren, infolge ausgelaugter, entmineralisierter B\u00f6den und Raffination vieler Grund-nahrungsmittel. Mit zunehmendem Alter versch\u00e4rft sich das Problem. Die fehlenden Mineralstoffe werden aus den Knochen, Haaren, Gewebe und Organen entzogen und f\u00fchren zu Haarausfall und Krankheiten wie Osteoporose, Arthrose und vieles mehr.<\/p>\n<\/div>\n<\/div>\n<\/div><\/div>\n<\/div>\n<\/div>\n\n\n\n<p class=\"has-medium-font-size\"><strong>Meinungen von Wissenschaftlern und Experten<\/strong><\/p>\n\n\n\n<p><strong>Prof. Dr. Linus Pauling<\/strong> hat zwei Nobelpreise (1954 und 1963) erhalten. Er ist der Begr\u00fcnder der Orthomolekularen Medizin, d.h. die Behandlung von Krankheiten oder Organen durch die optimale Konzentration der Stoffe, die nat\u00fcrlicherweise im menschlichen K\u00f6rper vorhanden sind. Er war der \u00dcberzeugung, dass \u201ejede Krankheit direkt auf einen Mineralstoffmangel zur\u00fcck zu f\u00fchren ist\u201c.<\/p>\n\n\n\n<p>Der zweifacher Nobelpreistr\u00e4ger <strong>Dr. Otto Warburg <\/strong>(1883 \u2013 1970) war der Meinung, dass \u201eKrebs nur in sauerstoffarmer Umgebung existieren kann\u201c. Sauerstoff macht sich n\u00e4mlich im sauren Milieu rar und S\u00e4ure entsteht durch ungen\u00fcgende Versorgung des K\u00f6rpers mit basenaktiven Mineralstoffen allen voran Calcium und Magnesium.<\/p>\n\n\n\n<p>Der amerikanische Wissenschaftler und Korallenexperte <strong>Robert R. Barefoot<\/strong> sagt: \u201eWenn Sie Wunder sehen wollen, dann h\u00f6ren Sie sich ein bisschen beim <strong>Korallen-Kalzium<\/strong> um und Sie werden von Hunderten erfahren\u201c. Tats\u00e4chlich hat er von vielen Korallen Konsumenten erstaunliche Erfolgsmeldungen bez\u00fcglich der Bek\u00e4mpfung von degenerativen Krankheiten erhalten.<\/p>\n","protected":false},"excerpt":{"rendered":"<p>Wissenswertes \u00fcber Korallen-Kalzium \u201eSango\u201c kommt aus dem Japanischen und hei\u00dft \u00fcbersetzt \u201eKoralle\u201c. Diese stammen aus Okinawa (Japan), auch \u201eInsel der Hundertj\u00e4hrigen\u201c genannt. Sango Korallenpulver enth\u00e4lt \u00fcber 70 Mineralstoffe und Spurenelemente mit einem hohen Anteil, ca. 20% Calcium und 10% Magnesium, also einem perfekten Verh\u00e4ltnis von 2 : 1. Der prozentuale Anteil der Mineralstoffe und Spurenelemente [&hellip;]<\/p>\n","protected":false},"author":1,"featured_media":0,"parent":0,"menu_order":0,"comment_status":"closed","ping_status":"closed","template":"","meta":[],"_links":{"self":[{"href":"https:\/\/kampf-dem-ernaehrungstod.ch\/ws\/index.php\/wp-json\/wp\/v2\/pages\/30"}],"collection":[{"href":"https:\/\/kampf-dem-ernaehrungstod.ch\/ws\/index.php\/wp-json\/wp\/v2\/pages"}],"about":[{"href":"https:\/\/kampf-dem-ernaehrungstod.ch\/ws\/index.php\/wp-json\/wp\/v2\/types\/page"}],"author":[{"embeddable":true,"href":"https:\/\/kampf-dem-ernaehrungstod.ch\/ws\/index.php\/wp-json\/wp\/v2\/users\/1"}],"replies":[{"embeddable":true,"href":"https:\/\/kampf-dem-ernaehrungstod.ch\/ws\/index.php\/wp-json\/wp\/v2\/comments?post=30"}],"version-history":[{"count":7,"href":"https:\/\/kampf-dem-ernaehrungstod.ch\/ws\/index.php\/wp-json\/wp\/v2\/pages\/30\/revisions"}],"predecessor-version":[{"id":54,"href":"https:\/\/kampf-dem-ernaehrungstod.ch\/ws\/index.php\/wp-json\/wp\/v2\/pages\/30\/revisions\/54"}],"wp:attachment":[{"href":"https:\/\/kampf-dem-ernaehrungstod.ch\/ws\/index.php\/wp-json\/wp\/v2\/media?parent=30"}],"curies":[{"name":"wp","href":"https:\/\/api.w.org\/{rel}","templated":true}]}}